{"id":2447,"date":"2012-12-04T19:54:14","date_gmt":"2012-12-05T03:54:14","guid":{"rendered":"https:\/\/churchpeace.org\/blog\/about-2\/"},"modified":"2015-06-09T17:29:25","modified_gmt":"2015-06-09T17:29:25","slug":"about","status":"publish","type":"page","link":"https:\/\/churchpeace.org\/en\/about\/","title":{"rendered":"Church of Peace"},"content":{"rendered":"<p style=\"padding-left: 30px;\"><img loading=\"lazy\" decoding=\"async\" class=\"alignright size-medium wp-image-2363\" src=\"https:\/\/churchpeace.org\/wp-content\/uploads\/sites\/18\/2014\/05\/CoP-2013_Page_006_Image_0001-249x300.jpg\" alt=\"CoP 2013_Page_006_Image_0001\" width=\"249\" height=\"300\" srcset=\"https:\/\/churchpeace.org\/wp-content\/uploads\/sites\/18\/2014\/05\/CoP-2013_Page_006_Image_0001-249x300.jpg 249w, https:\/\/churchpeace.org\/wp-content\/uploads\/sites\/18\/2014\/05\/CoP-2013_Page_006_Image_0001-850x1024.jpg 850w, https:\/\/churchpeace.org\/wp-content\/uploads\/sites\/18\/2014\/05\/CoP-2013_Page_006_Image_0001-520x627.jpg 520w, https:\/\/churchpeace.org\/wp-content\/uploads\/sites\/18\/2014\/05\/CoP-2013_Page_006_Image_0001.jpg 1063w\" sizes=\"auto, (max-width: 249px) 100vw, 249px\" \/><\/p>\n<p style=\"padding-left: 30px;\"><strong>About<\/strong> | <a href=\"https:\/\/churchpeace.org\/en\/about\/location\/\">Location<\/a> | <a href=\"https:\/\/churchpeace.org\/en\/about\/staff\/\">Leadership<\/a> | <a href=\"https:\/\/churchpeace.org\/en\/about\/keedae-kim\/\">Senior Pastor<\/a> | <a href=\"https:\/\/churchpeace.org\/en\/about\/history\/\">History<\/a> | <a href=\"https:\/\/churchpeace.org\/en\/about\/vision\/\">Vision<\/a><\/p>\n<p>Church of Peace (CoP) is a Korean American Presbyterian church in the tradition of the <a href=\"http:\/\/pcusa.org\">Presbyterian Church (USA)<\/a>, pursuing a ministry that reconciles<strong> faith with practice<\/strong>. We seek harmony in the affirmation of salvation, exploring the Gospel with our hearts and minds, valuing justice in society through lens of history, and enshrining a pure spirit. During the 32 years of our existence, our congregation and clergy have humbly served the church, without letting differences split it. CoP is invested in our children and youth through Sunday Schools, youth music bands, climbing and Korean language classes. Church of Peace belongs to the <a href=\"http:\/\/www.pacificpresbytery.org\/\">Presbytery of the Pacific<\/a>.<\/p>\n<p><strong>Sunday Service Time<br \/>\n<\/strong>Sunday Worship (Korean language): 11:00 AM<br \/>\nSunday School: 11:00 AM<br \/>\nEnglish Ministry &amp; College: 11:00 AM<\/p>\n<hr \/>\n<p>&nbsp;<\/p>\n<p>La Iglesia Church of Peace (CoP) es una iglesia coreana presbiteriana en la tradici\u00f3n de la <a href=\"http:\/\/pcusa.org\">Presbyterian Church (USA)<\/a>. Nuestro ministerio busca una armon\u00eda entre la <strong>fe y praxis<\/strong>. Esto lo logramos a trav\u00e9s de la afirmaci\u00f3n de la salvaci\u00f3n, la proclamaci\u00f3n de las buenas nuevas con el intelecto y el coraz\u00f3n, en \u00e9nfasis en la justicia social a lo largo de la historia, y la apreciaci\u00f3n de la importancia de un esp\u00edritu puro. Durante los 32 a\u00f1os de nuestra existencia, la congregaci\u00f3n y los l\u00edderes han servido la iglesia con humildad, sin dejar que diferencias personales lleven a una separaci\u00f3n de la iglesia. CoP est\u00e1 dedicado en el futuro de nuestros ni\u00f1os y j\u00f3venes a trav\u00e9s de la Escuela Dominical, bandas musicales de j\u00f3venes, y clases de monta\u00f1erismo y del idioma coreano.<\/p>\n<p>&nbsp;<\/p>\n","protected":false},"excerpt":{"rendered":"<p>About | Location | Leadership | Senior Pastor | History | Vision Church of Peace (CoP) is a Korean American Presbyterian church in the tradition of the Presbyterian Church (USA), pursuing a ministry that reconciles faith with practice. We seek&hellip;<\/p>\n","protected":false},"author":6,"featured_media":0,"parent":0,"menu_order":0,"comment_status":"closed","ping_status":"closed","template":"","meta":{"episode_type":"","audio_file":"","cover_image":"","cover_image_id":"","duration":"","filesize":"","date_recorded":"","explicit":"","block":"","filesize_raw":"","footnotes":"","_links_to":"","_links_to_target":""},"class_list":["post-2447","page","type-page","status-publish","hentry"],"_links":{"self":[{"href":"https:\/\/churchpeace.org\/en\/wp-json\/wp\/v2\/pages\/2447","targetHints":{"allow":["GET"]}}],"collection":[{"href":"https:\/\/churchpeace.org\/en\/wp-json\/wp\/v2\/pages"}],"about":[{"href":"https:\/\/churchpeace.org\/en\/wp-json\/wp\/v2\/types\/page"}],"author":[{"embeddable":true,"href":"https:\/\/churchpeace.org\/en\/wp-json\/wp\/v2\/users\/6"}],"replies":[{"embeddable":true,"href":"https:\/\/churchpeace.org\/en\/wp-json\/wp\/v2\/comments?post=2447"}],"version-history":[{"count":0,"href":"https:\/\/churchpeace.org\/en\/wp-json\/wp\/v2\/pages\/2447\/revisions"}],"wp:attachment":[{"href":"https:\/\/churchpeace.org\/en\/wp-json\/wp\/v2\/media?parent=2447"}],"curies":[{"name":"wp","href":"https:\/\/api.w.org\/{rel}","templated":true}]}}